{"id":645,"date":"2024-06-14T16:28:51","date_gmt":"2024-06-14T14:28:51","guid":{"rendered":"https:\/\/swagnerart.com\/books\/"},"modified":"2024-07-02T16:25:55","modified_gmt":"2024-07-02T14:25:55","slug":"books","status":"publish","type":"page","link":"https:\/\/swagnerart.com\/en\/books\/","title":{"rendered":"Books"},"content":{"rendered":"\t\t<div data-elementor-type=\"wp-page\" data-elementor-id=\"645\" class=\"elementor elementor-645 elementor-39\" data-elementor-post-type=\"page\">\n\t\t\t\t<div class=\"elementor-element elementor-element-baf0530 e-flex e-con-boxed e-con e-parent\" data-id=\"baf0530\" data-element_type=\"container\" data-settings=\"{&quot;jet_parallax_layout_list&quot;:[]}\">\n\t\t\t\t\t<div class=\"e-con-inner\">\n\t\t\t\t<div class=\"elementor-element elementor-element-46b95f3 elementor-widget elementor-widget-heading\" data-id=\"46b95f3\" data-element_type=\"widget\" data-widget_type=\"heading.default\">\n\t\t\t\t<div class=\"elementor-widget-container\">\n\t\t\t\t\t<h1 class=\"elementor-heading-title elementor-size-default\">The illustration brings the story to life<\/h1>\t\t\t\t<\/div>\n\t\t\t\t<\/div>\n\t\t\t\t<div class=\"elementor-element elementor-element-c05133c elementor-widget elementor-widget-text-editor\" data-id=\"c05133c\" data-element_type=\"widget\" data-widget_type=\"text-editor.default\">\n\t\t\t\t<div class=\"elementor-widget-container\">\n\t\t\t\t\t\t\t\t\t<p>Discover some pictures for each of the books I have illustrated. <\/br>Click on the book of your choice and enter the beginnings of the story.<\/p>\n\t\t\t\t\t\t\t\t<\/div>\n\t\t\t\t<\/div>\n\t\t\t\t\t<\/div>\n\t\t\t\t<\/div>\n\t\t<div class=\"elementor-element elementor-element-8b67c46 e-flex e-con-boxed e-con e-parent\" data-id=\"8b67c46\" data-element_type=\"container\" data-settings=\"{&quot;jet_parallax_layout_list&quot;:[]}\">\n\t\t\t\t\t<div class=\"e-con-inner\">\n\t\t<div class=\"elementor-element elementor-element-415348e e-con-full e-flex e-con e-child\" data-id=\"415348e\" data-element_type=\"container\" data-settings=\"{&quot;jet_parallax_layout_list&quot;:[]}\">\n\t\t\t\t<div class=\"elementor-element elementor-element-74fc837 elementor-widget elementor-widget-image\" data-id=\"74fc837\" data-element_type=\"widget\" data-widget_type=\"image.default\">\n\t\t\t\t<div class=\"elementor-widget-container\">\n\t\t\t\t\t\t\t\t\t\t\t\t\t\t\t\t<a href=\"https:\/\/swagnerart.com\/en\/le-gue-collection-of-christmas-tales\/\">\n\t\t\t\t\t\t\t<img fetchpriority=\"high\" decoding=\"async\" width=\"788\" height=\"670\" src=\"https:\/\/swagnerart.com\/wp-content\/uploads\/2024\/06\/la-gue-square.jpg\" class=\"attachment-large size-large wp-image-599\" alt=\"\" srcset=\"https:\/\/swagnerart.com\/wp-content\/uploads\/2024\/06\/la-gue-square.jpg 788w, https:\/\/swagnerart.com\/wp-content\/uploads\/2024\/06\/la-gue-square-300x255.jpg 300w, https:\/\/swagnerart.com\/wp-content\/uploads\/2024\/06\/la-gue-square-768x653.jpg 768w\" sizes=\"(max-width: 788px) 100vw, 788px\" \/>\t\t\t\t\t\t\t\t<\/a>\n\t\t\t\t\t\t\t\t\t\t\t\t\t\t\t<\/div>\n\t\t\t\t<\/div>\n\t\t\t\t<div class=\"elementor-element elementor-element-7c8b3a9 elementor-widget elementor-widget-heading\" data-id=\"7c8b3a9\" data-element_type=\"widget\" data-widget_type=\"heading.default\">\n\t\t\t\t<div class=\"elementor-widget-container\">\n\t\t\t\t\t<h3 class=\"elementor-heading-title elementor-size-default\"><a href=\"https:\/\/swagnerart.com\/le-gue-et-autres-recits-de-noel\/\">Le Gu\u00e9, collection of Christmas tales<\/a><\/h3>\t\t\t\t<\/div>\n\t\t\t\t<\/div>\n\t\t\t\t<div class=\"elementor-element elementor-element-bba1a96 elementor-widget elementor-widget-heading\" data-id=\"bba1a96\" data-element_type=\"widget\" data-widget_type=\"heading.default\">\n\t\t\t\t<div class=\"elementor-widget-container\">\n\t\t\t\t\t<p class=\"elementor-heading-title elementor-size-default\"><a href=\"https:\/\/swagnerart.com\/en\/le-gue-collection-of-christmas-tales\/\">Christmas tales\u200b<\/a><\/p>\t\t\t\t<\/div>\n\t\t\t\t<\/div>\n\t\t\t\t<\/div>\n\t\t<div class=\"elementor-element elementor-element-c5af363 e-con-full e-flex e-con e-child\" data-id=\"c5af363\" data-element_type=\"container\" data-settings=\"{&quot;jet_parallax_layout_list&quot;:[]}\">\n\t\t\t\t<div class=\"elementor-element elementor-element-01eddd2 elementor-widget elementor-widget-image\" data-id=\"01eddd2\" data-element_type=\"widget\" data-widget_type=\"image.default\">\n\t\t\t\t<div class=\"elementor-widget-container\">\n\t\t\t\t\t\t\t\t\t\t\t\t\t\t\t\t<a href=\"https:\/\/swagnerart.com\/en\/the-adventures-of-samuel-winston-tome-3\/\">\n\t\t\t\t\t\t\t<img decoding=\"async\" width=\"788\" height=\"670\" src=\"https:\/\/swagnerart.com\/wp-content\/uploads\/2024\/06\/les-aventures-Samuel-Winston-tome3-cover.jpg\" class=\"attachment-large size-large wp-image-596\" alt=\"\" srcset=\"https:\/\/swagnerart.com\/wp-content\/uploads\/2024\/06\/les-aventures-Samuel-Winston-tome3-cover.jpg 788w, https:\/\/swagnerart.com\/wp-content\/uploads\/2024\/06\/les-aventures-Samuel-Winston-tome3-cover-300x255.jpg 300w, https:\/\/swagnerart.com\/wp-content\/uploads\/2024\/06\/les-aventures-Samuel-Winston-tome3-cover-768x653.jpg 768w\" sizes=\"(max-width: 788px) 100vw, 788px\" \/>\t\t\t\t\t\t\t\t<\/a>\n\t\t\t\t\t\t\t\t\t\t\t\t\t\t\t<\/div>\n\t\t\t\t<\/div>\n\t\t\t\t<div class=\"elementor-element elementor-element-c5279e0 elementor-widget elementor-widget-heading\" data-id=\"c5279e0\" data-element_type=\"widget\" data-widget_type=\"heading.default\">\n\t\t\t\t<div class=\"elementor-widget-container\">\n\t\t\t\t\t<h3 class=\"elementor-heading-title elementor-size-default\"><a href=\"https:\/\/swagnerart.com\/les-aventures-de-samuel-winston-tome-3\/\">The Adventures of Samuel Winston\u200b<\/a><\/h3>\t\t\t\t<\/div>\n\t\t\t\t<\/div>\n\t\t\t\t<div class=\"elementor-element elementor-element-acab0cd elementor-widget elementor-widget-heading\" data-id=\"acab0cd\" data-element_type=\"widget\" data-widget_type=\"heading.default\">\n\t\t\t\t<div class=\"elementor-widget-container\">\n\t\t\t\t\t<p class=\"elementor-heading-title elementor-size-default\"><a href=\"https:\/\/swagnerart.com\/en\/the-adventures-of-samuel-winston-tome-3\/\">Le cri du kookaburra\u200b<\/a><\/p>\t\t\t\t<\/div>\n\t\t\t\t<\/div>\n\t\t\t\t<\/div>\n\t\t<div class=\"elementor-element elementor-element-d534b07 e-con-full e-flex e-con e-child\" data-id=\"d534b07\" data-element_type=\"container\" data-settings=\"{&quot;jet_parallax_layout_list&quot;:[]}\">\n\t\t\t\t<div class=\"elementor-element elementor-element-f3e9f47 elementor-widget elementor-widget-image\" data-id=\"f3e9f47\" data-element_type=\"widget\" data-widget_type=\"image.default\">\n\t\t\t\t<div class=\"elementor-widget-container\">\n\t\t\t\t\t\t\t\t\t\t\t\t\t\t\t\t<a href=\"https:\/\/swagnerart.com\/les-aventures-de-samuel-winston-tome-2\/\">\n\t\t\t\t\t\t\t<img decoding=\"async\" width=\"788\" height=\"670\" src=\"https:\/\/swagnerart.com\/wp-content\/uploads\/2024\/06\/les-aventures-Samuel-Winston-tome2-cover.jpg\" class=\"attachment-large size-large wp-image-593\" alt=\"\" srcset=\"https:\/\/swagnerart.com\/wp-content\/uploads\/2024\/06\/les-aventures-Samuel-Winston-tome2-cover.jpg 788w, https:\/\/swagnerart.com\/wp-content\/uploads\/2024\/06\/les-aventures-Samuel-Winston-tome2-cover-300x255.jpg 300w, https:\/\/swagnerart.com\/wp-content\/uploads\/2024\/06\/les-aventures-Samuel-Winston-tome2-cover-768x653.jpg 768w\" sizes=\"(max-width: 788px) 100vw, 788px\" \/>\t\t\t\t\t\t\t\t<\/a>\n\t\t\t\t\t\t\t\t\t\t\t\t\t\t\t<\/div>\n\t\t\t\t<\/div>\n\t\t\t\t<div class=\"elementor-element elementor-element-9d38317 elementor-widget elementor-widget-heading\" data-id=\"9d38317\" data-element_type=\"widget\" data-widget_type=\"heading.default\">\n\t\t\t\t<div class=\"elementor-widget-container\">\n\t\t\t\t\t<h3 class=\"elementor-heading-title elementor-size-default\"><a href=\"https:\/\/swagnerart.com\/les-aventures-de-samuel-winston-tome-2\/\">The Adventures of Samuel Winston\u200b<\/a><\/h3>\t\t\t\t<\/div>\n\t\t\t\t<\/div>\n\t\t\t\t<div class=\"elementor-element elementor-element-38cad8a elementor-widget elementor-widget-heading\" data-id=\"38cad8a\" data-element_type=\"widget\" data-widget_type=\"heading.default\">\n\t\t\t\t<div class=\"elementor-widget-container\">\n\t\t\t\t\t<p class=\"elementor-heading-title elementor-size-default\"><a href=\"https:\/\/swagnerart.com\/en\/the-adventures-of-samuel-winston-tome-2\/\">Le complot<\/a><\/p>\t\t\t\t<\/div>\n\t\t\t\t<\/div>\n\t\t\t\t<\/div>\n\t\t\t\t\t<\/div>\n\t\t\t\t<\/div>\n\t\t<div class=\"elementor-element elementor-element-5095772 e-flex e-con-boxed e-con e-parent\" data-id=\"5095772\" data-element_type=\"container\" data-settings=\"{&quot;jet_parallax_layout_list&quot;:[]}\">\n\t\t\t\t\t<div class=\"e-con-inner\">\n\t\t<div class=\"elementor-element elementor-element-1e8572e e-con-full e-flex e-con e-child\" data-id=\"1e8572e\" data-element_type=\"container\" data-settings=\"{&quot;jet_parallax_layout_list&quot;:[]}\">\n\t\t\t\t<div class=\"elementor-element elementor-element-7375ef8 elementor-widget elementor-widget-image\" data-id=\"7375ef8\" data-element_type=\"widget\" data-widget_type=\"image.default\">\n\t\t\t\t<div class=\"elementor-widget-container\">\n\t\t\t\t\t\t\t\t\t\t\t\t\t\t\t\t<a href=\"https:\/\/swagnerart.com\/en\/the-adventures-of-samuel-winston\/\">\n\t\t\t\t\t\t\t<img loading=\"lazy\" decoding=\"async\" width=\"788\" height=\"670\" src=\"https:\/\/swagnerart.com\/wp-content\/uploads\/2024\/06\/samuel-winston-bateau-square.jpg\" class=\"attachment-large size-large wp-image-600\" alt=\"\" srcset=\"https:\/\/swagnerart.com\/wp-content\/uploads\/2024\/06\/samuel-winston-bateau-square.jpg 788w, https:\/\/swagnerart.com\/wp-content\/uploads\/2024\/06\/samuel-winston-bateau-square-300x255.jpg 300w, https:\/\/swagnerart.com\/wp-content\/uploads\/2024\/06\/samuel-winston-bateau-square-768x653.jpg 768w\" sizes=\"(max-width: 788px) 100vw, 788px\" \/>\t\t\t\t\t\t\t\t<\/a>\n\t\t\t\t\t\t\t\t\t\t\t\t\t\t\t<\/div>\n\t\t\t\t<\/div>\n\t\t\t\t<div class=\"elementor-element elementor-element-f55bab1 elementor-widget elementor-widget-heading\" data-id=\"f55bab1\" data-element_type=\"widget\" data-widget_type=\"heading.default\">\n\t\t\t\t<div class=\"elementor-widget-container\">\n\t\t\t\t\t<h3 class=\"elementor-heading-title elementor-size-default\"><a href=\"https:\/\/swagnerart.com\/les-aventures-de-samuel-winston\/\">The Adventures of Samuel Winston\u200b<\/a><\/h3>\t\t\t\t<\/div>\n\t\t\t\t<\/div>\n\t\t\t\t<div class=\"elementor-element elementor-element-18f8393 elementor-widget elementor-widget-heading\" data-id=\"18f8393\" data-element_type=\"widget\" data-widget_type=\"heading.default\">\n\t\t\t\t<div class=\"elementor-widget-container\">\n\t\t\t\t\t<p class=\"elementor-heading-title elementor-size-default\"><a href=\"https:\/\/swagnerart.com\/en\/the-adventures-of-samuel-winston\/\">Cap sur l'Australie<\/a><\/p>\t\t\t\t<\/div>\n\t\t\t\t<\/div>\n\t\t\t\t<\/div>\n\t\t<div class=\"elementor-element elementor-element-78d7fb9 e-con-full elementor-hidden-mobile e-flex e-con e-child\" data-id=\"78d7fb9\" data-element_type=\"container\" data-settings=\"{&quot;jet_parallax_layout_list&quot;:[]}\">\n\t\t\t\t<\/div>\n\t\t<div class=\"elementor-element elementor-element-056c61f e-con-full elementor-hidden-mobile e-flex e-con e-child\" data-id=\"056c61f\" data-element_type=\"container\" data-settings=\"{&quot;jet_parallax_layout_list&quot;:[]}\">\n\t\t\t\t<\/div>\n\t\t\t\t\t<\/div>\n\t\t\t\t<\/div>\n\t\t\t\t<\/div>\n\t\t","protected":false},"excerpt":{"rendered":"<p>The illustration brings the story to life Discover some pictures for each of the books I have illustrated. Click on the book of your choice and enter the beginnings of the story. Le Gu\u00e9, collection of Christmas tales Christmas tales\u200b The Adventures of Samuel Winston\u200b Le cri du kookaburra\u200b The Adventures of Samuel Winston\u200b Le [&hellip;]<\/p>\n","protected":false},"author":1,"featured_media":0,"parent":0,"menu_order":0,"comment_status":"closed","ping_status":"closed","template":"elementor_header_footer","meta":{"footnotes":""},"class_list":["post-645","page","type-page","status-publish","hentry"],"yoast_head":"<!-- This site is optimized with the Yoast SEO plugin v26.8 - https:\/\/yoast.com\/product\/yoast-seo-wordpress\/ -->\n<title>Swagnerart - L&#039;illustration donne vie \u00e0 l&#039;histoire<\/title>\n<meta name=\"description\" content=\"L&#039;illustration donne vie \u00e0 l&#039;histoire. D\u00e9couvrez les livres que j&#039;ai eu le plaisir d&#039;illustrer et entrez dans les pr\u00e9mices de l&#039;histoire...\" \/>\n<meta name=\"robots\" content=\"index, follow, max-snippet:-1, max-image-preview:large, max-video-preview:-1\" \/>\n<link rel=\"canonical\" href=\"https:\/\/swagnerart.com\/en\/books\/\" \/>\n<meta property=\"og:locale\" content=\"en_US\" \/>\n<meta property=\"og:type\" content=\"article\" \/>\n<meta property=\"og:title\" content=\"Swagnerart - L&#039;illustration donne vie \u00e0 l&#039;histoire\" \/>\n<meta property=\"og:description\" content=\"L&#039;illustration donne vie \u00e0 l&#039;histoire. D\u00e9couvrez les livres que j&#039;ai eu le plaisir d&#039;illustrer et entrez dans les pr\u00e9mices de l&#039;histoire...\" \/>\n<meta property=\"og:url\" content=\"https:\/\/swagnerart.com\/en\/books\/\" \/>\n<meta property=\"og:site_name\" content=\"Swagnerart\" \/>\n<meta property=\"article:modified_time\" content=\"2024-07-02T14:25:55+00:00\" \/>\n<meta property=\"og:image\" content=\"https:\/\/swagnerart.com\/wp-content\/uploads\/2024\/06\/la-gue-square.jpg\" \/>\n<meta name=\"twitter:card\" content=\"summary_large_image\" \/>\n<script type=\"application\/ld+json\" class=\"yoast-schema-graph\">{\"@context\":\"https:\/\/schema.org\",\"@graph\":[{\"@type\":\"WebPage\",\"@id\":\"https:\/\/swagnerart.com\/en\/books\/\",\"url\":\"https:\/\/swagnerart.com\/en\/books\/\",\"name\":\"Swagnerart - L'illustration donne vie \u00e0 l'histoire\",\"isPartOf\":{\"@id\":\"https:\/\/swagnerart.com\/#website\"},\"primaryImageOfPage\":{\"@id\":\"https:\/\/swagnerart.com\/en\/books\/#primaryimage\"},\"image\":{\"@id\":\"https:\/\/swagnerart.com\/en\/books\/#primaryimage\"},\"thumbnailUrl\":\"https:\/\/swagnerart.com\/wp-content\/uploads\/2024\/06\/la-gue-square.jpg\",\"datePublished\":\"2024-06-14T14:28:51+00:00\",\"dateModified\":\"2024-07-02T14:25:55+00:00\",\"description\":\"L'illustration donne vie \u00e0 l'histoire. D\u00e9couvrez les livres que j'ai eu le plaisir d'illustrer et entrez dans les pr\u00e9mices de l'histoire...\",\"breadcrumb\":{\"@id\":\"https:\/\/swagnerart.com\/en\/books\/#breadcrumb\"},\"inLanguage\":\"en-US\",\"potentialAction\":[{\"@type\":\"ReadAction\",\"target\":[\"https:\/\/swagnerart.com\/en\/books\/\"]}]},{\"@type\":\"ImageObject\",\"inLanguage\":\"en-US\",\"@id\":\"https:\/\/swagnerart.com\/en\/books\/#primaryimage\",\"url\":\"https:\/\/swagnerart.com\/wp-content\/uploads\/2024\/06\/la-gue-square.jpg\",\"contentUrl\":\"https:\/\/swagnerart.com\/wp-content\/uploads\/2024\/06\/la-gue-square.jpg\"},{\"@type\":\"BreadcrumbList\",\"@id\":\"https:\/\/swagnerart.com\/en\/books\/#breadcrumb\",\"itemListElement\":[{\"@type\":\"ListItem\",\"position\":1,\"name\":\"Home\",\"item\":\"https:\/\/swagnerart.com\/en\/home\/\"},{\"@type\":\"ListItem\",\"position\":2,\"name\":\"Books\"}]},{\"@type\":\"WebSite\",\"@id\":\"https:\/\/swagnerart.com\/#website\",\"url\":\"https:\/\/swagnerart.com\/\",\"name\":\"Swagnerart\",\"description\":\"Artiste-peintre-illustratrice... une recette sans pre\u0301tention !\",\"publisher\":{\"@id\":\"https:\/\/swagnerart.com\/#organization\"},\"potentialAction\":[{\"@type\":\"SearchAction\",\"target\":{\"@type\":\"EntryPoint\",\"urlTemplate\":\"https:\/\/swagnerart.com\/?s={search_term_string}\"},\"query-input\":{\"@type\":\"PropertyValueSpecification\",\"valueRequired\":true,\"valueName\":\"search_term_string\"}}],\"inLanguage\":\"en-US\"},{\"@type\":\"Organization\",\"@id\":\"https:\/\/swagnerart.com\/#organization\",\"name\":\"Swagnerart\",\"url\":\"https:\/\/swagnerart.com\/\",\"logo\":{\"@type\":\"ImageObject\",\"inLanguage\":\"en-US\",\"@id\":\"https:\/\/swagnerart.com\/#\/schema\/logo\/image\/\",\"url\":\"https:\/\/swagnerart.com\/wp-content\/uploads\/2024\/06\/logo-sophie-wagner-art.png\",\"contentUrl\":\"https:\/\/swagnerart.com\/wp-content\/uploads\/2024\/06\/logo-sophie-wagner-art.png\",\"width\":560,\"height\":80,\"caption\":\"Swagnerart\"},\"image\":{\"@id\":\"https:\/\/swagnerart.com\/#\/schema\/logo\/image\/\"}}]}<\/script>\n<!-- \/ Yoast SEO plugin. -->","yoast_head_json":{"title":"Swagnerart - L'illustration donne vie \u00e0 l'histoire","description":"L'illustration donne vie \u00e0 l'histoire. D\u00e9couvrez les livres que j'ai eu le plaisir d'illustrer et entrez dans les pr\u00e9mices de l'histoire...","robots":{"index":"index","follow":"follow","max-snippet":"max-snippet:-1","max-image-preview":"max-image-preview:large","max-video-preview":"max-video-preview:-1"},"canonical":"https:\/\/swagnerart.com\/en\/books\/","og_locale":"en_US","og_type":"article","og_title":"Swagnerart - L'illustration donne vie \u00e0 l'histoire","og_description":"L'illustration donne vie \u00e0 l'histoire. D\u00e9couvrez les livres que j'ai eu le plaisir d'illustrer et entrez dans les pr\u00e9mices de l'histoire...","og_url":"https:\/\/swagnerart.com\/en\/books\/","og_site_name":"Swagnerart","article_modified_time":"2024-07-02T14:25:55+00:00","og_image":[{"url":"https:\/\/swagnerart.com\/wp-content\/uploads\/2024\/06\/la-gue-square.jpg","type":"","width":"","height":""}],"twitter_card":"summary_large_image","schema":{"@context":"https:\/\/schema.org","@graph":[{"@type":"WebPage","@id":"https:\/\/swagnerart.com\/en\/books\/","url":"https:\/\/swagnerart.com\/en\/books\/","name":"Swagnerart - L'illustration donne vie \u00e0 l'histoire","isPartOf":{"@id":"https:\/\/swagnerart.com\/#website"},"primaryImageOfPage":{"@id":"https:\/\/swagnerart.com\/en\/books\/#primaryimage"},"image":{"@id":"https:\/\/swagnerart.com\/en\/books\/#primaryimage"},"thumbnailUrl":"https:\/\/swagnerart.com\/wp-content\/uploads\/2024\/06\/la-gue-square.jpg","datePublished":"2024-06-14T14:28:51+00:00","dateModified":"2024-07-02T14:25:55+00:00","description":"L'illustration donne vie \u00e0 l'histoire. D\u00e9couvrez les livres que j'ai eu le plaisir d'illustrer et entrez dans les pr\u00e9mices de l'histoire...","breadcrumb":{"@id":"https:\/\/swagnerart.com\/en\/books\/#breadcrumb"},"inLanguage":"en-US","potentialAction":[{"@type":"ReadAction","target":["https:\/\/swagnerart.com\/en\/books\/"]}]},{"@type":"ImageObject","inLanguage":"en-US","@id":"https:\/\/swagnerart.com\/en\/books\/#primaryimage","url":"https:\/\/swagnerart.com\/wp-content\/uploads\/2024\/06\/la-gue-square.jpg","contentUrl":"https:\/\/swagnerart.com\/wp-content\/uploads\/2024\/06\/la-gue-square.jpg"},{"@type":"BreadcrumbList","@id":"https:\/\/swagnerart.com\/en\/books\/#breadcrumb","itemListElement":[{"@type":"ListItem","position":1,"name":"Home","item":"https:\/\/swagnerart.com\/en\/home\/"},{"@type":"ListItem","position":2,"name":"Books"}]},{"@type":"WebSite","@id":"https:\/\/swagnerart.com\/#website","url":"https:\/\/swagnerart.com\/","name":"Swagnerart","description":"Artiste-peintre-illustratrice... une recette sans pre\u0301tention !","publisher":{"@id":"https:\/\/swagnerart.com\/#organization"},"potentialAction":[{"@type":"SearchAction","target":{"@type":"EntryPoint","urlTemplate":"https:\/\/swagnerart.com\/?s={search_term_string}"},"query-input":{"@type":"PropertyValueSpecification","valueRequired":true,"valueName":"search_term_string"}}],"inLanguage":"en-US"},{"@type":"Organization","@id":"https:\/\/swagnerart.com\/#organization","name":"Swagnerart","url":"https:\/\/swagnerart.com\/","logo":{"@type":"ImageObject","inLanguage":"en-US","@id":"https:\/\/swagnerart.com\/#\/schema\/logo\/image\/","url":"https:\/\/swagnerart.com\/wp-content\/uploads\/2024\/06\/logo-sophie-wagner-art.png","contentUrl":"https:\/\/swagnerart.com\/wp-content\/uploads\/2024\/06\/logo-sophie-wagner-art.png","width":560,"height":80,"caption":"Swagnerart"},"image":{"@id":"https:\/\/swagnerart.com\/#\/schema\/logo\/image\/"}}]}},"_links":{"self":[{"href":"https:\/\/swagnerart.com\/en\/wp-json\/wp\/v2\/pages\/645","targetHints":{"allow":["GET"]}}],"collection":[{"href":"https:\/\/swagnerart.com\/en\/wp-json\/wp\/v2\/pages"}],"about":[{"href":"https:\/\/swagnerart.com\/en\/wp-json\/wp\/v2\/types\/page"}],"author":[{"embeddable":true,"href":"https:\/\/swagnerart.com\/en\/wp-json\/wp\/v2\/users\/1"}],"replies":[{"embeddable":true,"href":"https:\/\/swagnerart.com\/en\/wp-json\/wp\/v2\/comments?post=645"}],"version-history":[{"count":4,"href":"https:\/\/swagnerart.com\/en\/wp-json\/wp\/v2\/pages\/645\/revisions"}],"predecessor-version":[{"id":925,"href":"https:\/\/swagnerart.com\/en\/wp-json\/wp\/v2\/pages\/645\/revisions\/925"}],"wp:attachment":[{"href":"https:\/\/swagnerart.com\/en\/wp-json\/wp\/v2\/media?parent=645"}],"curies":[{"name":"wp","href":"https:\/\/api.w.org\/{rel}","templated":true}]}}